{"id":403,"date":"2020-09-09T17:34:08","date_gmt":"2020-09-09T20:34:08","guid":{"rendered":"https:\/\/www.nascimentolegal.com\/?page_id=403"},"modified":"2020-09-09T17:36:35","modified_gmt":"2020-09-09T20:36:35","slug":"cadastrado-news","status":"publish","type":"page","link":"https:\/\/www.nascimentolegal.com\/pb\/cadastrado-news\/","title":{"rendered":"Parab\u00e9ns!"},"content":{"rendered":"\r\n<p>Voc\u00ea acabou de se inscrever para nossa Newsletter!<\/p>\r\n\r\n\r\n\r\n<p>Voc\u00ea receber\u00e1 e-mails sobre as importantes not\u00edcias e atualiza\u00e7\u00f5es do departamento de imigra\u00e7\u00e3o!<\/p>\r\n\r\n\r\n\r\n<p>Haydee Nascimento, sua Advogada de Imigra\u00e7\u00e3o!<\/p>\r\n","protected":false},"excerpt":{"rendered":"<p>Voc\u00ea acabou de se inscrever para nossa Newsletter! Voc\u00ea receber\u00e1 e-mails sobre as importantes not\u00edcias e atualiza\u00e7\u00f5es do departamento de imigra\u00e7\u00e3o! Haydee Nascimento, sua Advogada [&hellip;]<\/p>\n","protected":false},"author":1,"featured_media":0,"parent":0,"menu_order":0,"comment_status":"closed","ping_status":"closed","template":"","meta":{"footnotes":""},"_links":{"self":[{"href":"https:\/\/www.nascimentolegal.com\/pb\/wp-json\/wp\/v2\/pages\/403"}],"collection":[{"href":"https:\/\/www.nascimentolegal.com\/pb\/wp-json\/wp\/v2\/pages"}],"about":[{"href":"https:\/\/www.nascimentolegal.com\/pb\/wp-json\/wp\/v2\/types\/page"}],"author":[{"embeddable":true,"href":"https:\/\/www.nascimentolegal.com\/pb\/wp-json\/wp\/v2\/users\/1"}],"replies":[{"embeddable":true,"href":"https:\/\/www.nascimentolegal.com\/pb\/wp-json\/wp\/v2\/comments?post=403"}],"version-history":[{"count":1,"href":"https:\/\/www.nascimentolegal.com\/pb\/wp-json\/wp\/v2\/pages\/403\/revisions"}],"predecessor-version":[{"id":404,"href":"https:\/\/www.nascimentolegal.com\/pb\/wp-json\/wp\/v2\/pages\/403\/revisions\/404"}],"wp:attachment":[{"href":"https:\/\/www.nascimentolegal.com\/pb\/wp-json\/wp\/v2\/media?parent=403"}],"curies":[{"name":"wp","href":"https:\/\/api.w.org\/{rel}","templated":true}]}}