{"id":177,"date":"2020-02-29T23:56:54","date_gmt":"2020-03-01T02:56:54","guid":{"rendered":"https:\/\/www.nascimentolegal.com\/?page_id=177"},"modified":"2021-01-05T22:02:00","modified_gmt":"2021-01-06T00:02:00","slug":"about","status":"publish","type":"page","link":"https:\/\/www.nascimentolegal.com\/pb\/about\/","title":{"rendered":"Sobre"},"content":{"rendered":"<p>[vc_row el_class=&#8221;section titles&#8221;][vc_column][vc_custom_heading text=&#8221;sobre&#8221; font_container=&#8221;tag:h1|font_size:16px|text_align:center|line_height:16px&#8221; use_theme_fonts=&#8221;yes&#8221; el_class=&#8221;title-primary line red&#8221;][vc_custom_heading text=&#8221;Haydee Nascimento \u00e9 uma advogada de imigra\u00e7\u00e3o dedicada a garantir justi\u00e7a para as comunidades de imigrantes.&#8221; font_container=&#8221;tag:h2|font_size:32px|text_align:center|color:%23808080|line_height:45px&#8221; use_theme_fonts=&#8221;yes&#8221; el_class=&#8221;title-palatino&#8221;][\/vc_column][\/vc_row][vc_row equal_height=&#8221;yes&#8221; content_placement=&#8221;middle&#8221; el_class=&#8221;section&#8221;][vc_column width=&#8221;1\/2&#8243;][vc_single_image image=&#8221;185&#8243; img_size=&#8221;full&#8221; alignment=&#8221;center&#8221;][\/vc_column][vc_column width=&#8221;1\/2&#8243; el_class=&#8221;box-text&#8221;][vc_column_text]<span style=\"font-weight: 400;\">Os Escrit\u00f3rios de Advocacia Haydee Nascimento foram fundados com o compromisso de atender um n\u00famero cada vez maior de pessoas em busca de um servi\u00e7o profissional de qualidade no Direito da Imigra\u00e7\u00e3o.<\/span><\/p>\n<p><span style=\"font-weight: 400;\">Nossa equipe se dedica exclusivamente \u00e0 representa\u00e7\u00e3o efetiva e agressiva de indiv\u00edduos, fam\u00edlias e empresas e \u00e0 prote\u00e7\u00e3o de seus direitos previstos na lei. Temos orgulho de nos mantermos atualizados com as pol\u00edticas de imigra\u00e7\u00e3o que est\u00e3o em constante mudan\u00e7a, mas tamb\u00e9m de adaptar nossa estrat\u00e9gia a cada situa\u00e7\u00e3o individual, a fim de atingir os objetivos finais e os melhores resultados em cada caso.<\/span><\/p>\n<p><span style=\"font-weight: 400;\">Nossa miss\u00e3o \u00e9 apoiar e capacitar pessoas, empresas e sonhos, fornecendo um servi\u00e7o profissional, individual e personalizado, para aqueles que precisam de conselhos de imigra\u00e7\u00e3o.<\/span><\/p>\n<p><span style=\"font-weight: 400;\">Nosso objetivo \u00e9 trazer excel\u00eancia &#8211; atrav\u00e9s do trabalho em equipe e aten\u00e7\u00e3o individual aos detalhes &#8211; mudando, portanto, a forma como a lei de imigra\u00e7\u00e3o \u00e9 praticada; com mais integridade, compromisso e afeto.<\/span>[\/vc_column_text][\/vc_column][\/vc_row][vc_row el_class=&#8221;section gallery&#8221;][vc_column][vc_custom_heading text=&#8221;Galeria&#8221; font_container=&#8221;tag:h4|font_size:26px|text_align:center|color:%23808080|line_height:32px&#8221; use_theme_fonts=&#8221;yes&#8221; el_class=&#8221;title&#8221; css=&#8221;.vc_custom_1609891242643{margin-bottom: 30px !important;}&#8221;][vc_column_text]\n\n<div class=\"the-slide\">\n\n\t\t<div class=\"imagem\">\n\t\t<div class=\"content\">\n\t\t\t<a href=\"https:\/\/www.nascimentolegal.com\/wp-content\/uploads\/2020\/02\/www.nascimentolegal.com-home-slider-02.jpg\" class=\"venobox\" data-gall=\"galeria-home\">\n\t\t\t\t<img decoding=\"async\" src=\"https:\/\/www.nascimentolegal.com\/wp-content\/uploads\/2020\/02\/www.nascimentolegal.com-home-slider-02-300x300.jpg\">\n\t\t\t<\/a>\n\t\t<\/div>\n\t<\/div>\n\t\t<div class=\"imagem\">\n\t\t<div class=\"content\">\n\t\t\t<a href=\"https:\/\/www.nascimentolegal.com\/wp-content\/uploads\/2020\/03\/www.nascimentolegal.com-about-01.jpg\" class=\"venobox\" data-gall=\"galeria-home\">\n\t\t\t\t<img decoding=\"async\" src=\"https:\/\/www.nascimentolegal.com\/wp-content\/uploads\/2020\/03\/www.nascimentolegal.com-about-01-300x300.jpg\">\n\t\t\t<\/a>\n\t\t<\/div>\n\t<\/div>\n\t\t<div class=\"imagem\">\n\t\t<div class=\"content\">\n\t\t\t<a href=\"https:\/\/www.nascimentolegal.com\/wp-content\/uploads\/2020\/03\/www.nascimentolegal.com-about-04.jpg\" class=\"venobox\" data-gall=\"galeria-home\">\n\t\t\t\t<img decoding=\"async\" src=\"https:\/\/www.nascimentolegal.com\/wp-content\/uploads\/2020\/03\/www.nascimentolegal.com-about-04-300x300.jpg\">\n\t\t\t<\/a>\n\t\t<\/div>\n\t<\/div>\n\t\t<div class=\"imagem\">\n\t\t<div class=\"content\">\n\t\t\t<a href=\"https:\/\/www.nascimentolegal.com\/wp-content\/uploads\/2020\/03\/www.nascimentolegal.com-about-05.jpg\" class=\"venobox\" data-gall=\"galeria-home\">\n\t\t\t\t<img decoding=\"async\" src=\"https:\/\/www.nascimentolegal.com\/wp-content\/uploads\/2020\/03\/www.nascimentolegal.com-about-05-300x300.jpg\">\n\t\t\t<\/a>\n\t\t<\/div>\n\t<\/div>\n\t\t<div class=\"imagem\">\n\t\t<div class=\"content\">\n\t\t\t<a href=\"https:\/\/www.nascimentolegal.com\/wp-content\/uploads\/2020\/03\/www.nascimentolegal.com-about-06.jpg\" class=\"venobox\" data-gall=\"galeria-home\">\n\t\t\t\t<img decoding=\"async\" src=\"https:\/\/www.nascimentolegal.com\/wp-content\/uploads\/2020\/03\/www.nascimentolegal.com-about-06-300x300.jpg\">\n\t\t\t<\/a>\n\t\t<\/div>\n\t<\/div>\n\t\t<div class=\"imagem\">\n\t\t<div class=\"content\">\n\t\t\t<a href=\"https:\/\/www.nascimentolegal.com\/wp-content\/uploads\/2020\/03\/www.nascimentolegal.com-about-08.jpg\" class=\"venobox\" data-gall=\"galeria-home\">\n\t\t\t\t<img decoding=\"async\" src=\"https:\/\/www.nascimentolegal.com\/wp-content\/uploads\/2020\/03\/www.nascimentolegal.com-about-08-300x300.jpg\">\n\t\t\t<\/a>\n\t\t<\/div>\n\t<\/div>\n\t\t<div class=\"imagem\">\n\t\t<div class=\"content\">\n\t\t\t<a href=\"https:\/\/www.nascimentolegal.com\/wp-content\/uploads\/2020\/03\/www.nascimentolegal.com-about-09.jpg\" class=\"venobox\" data-gall=\"galeria-home\">\n\t\t\t\t<img decoding=\"async\" src=\"https:\/\/www.nascimentolegal.com\/wp-content\/uploads\/2020\/03\/www.nascimentolegal.com-about-09-300x300.jpg\">\n\t\t\t<\/a>\n\t\t<\/div>\n\t<\/div>\n\t\t<div class=\"imagem\">\n\t\t<div class=\"content\">\n\t\t\t<a href=\"https:\/\/www.nascimentolegal.com\/wp-content\/uploads\/2020\/03\/www.nascimentolegal.com-about-03.jpg\" class=\"venobox\" data-gall=\"galeria-home\">\n\t\t\t\t<img decoding=\"async\" src=\"https:\/\/www.nascimentolegal.com\/wp-content\/uploads\/2020\/03\/www.nascimentolegal.com-about-03-300x300.jpg\">\n\t\t\t<\/a>\n\t\t<\/div>\n\t<\/div>\n\t\n<\/div>\n\n[\/vc_column_text][\/vc_column][\/vc_row]<\/p>","protected":false},"excerpt":{"rendered":"<p>[vc_row el_class=&#8221;section titles&#8221;][vc_column][vc_custom_heading text=&#8221;sobre&#8221; font_container=&#8221;tag:h1|font_size:16px|text_align:center|line_height:16px&#8221; use_theme_fonts=&#8221;yes&#8221; el_class=&#8221;title-primary line red&#8221;][vc_custom_heading text=&#8221;Haydee Nascimento \u00e9 uma advogada de imigra\u00e7\u00e3o dedicada a garantir justi\u00e7a para as comunidades de imigrantes.&#8221; [&hellip;]<\/p>\n","protected":false},"author":1,"featured_media":0,"parent":0,"menu_order":0,"comment_status":"closed","ping_status":"closed","template":"page-templates\/sem-titulo_sem-sidebar.php","meta":{"footnotes":""},"_links":{"self":[{"href":"https:\/\/www.nascimentolegal.com\/pb\/wp-json\/wp\/v2\/pages\/177"}],"collection":[{"href":"https:\/\/www.nascimentolegal.com\/pb\/wp-json\/wp\/v2\/pages"}],"about":[{"href":"https:\/\/www.nascimentolegal.com\/pb\/wp-json\/wp\/v2\/types\/page"}],"author":[{"embeddable":true,"href":"https:\/\/www.nascimentolegal.com\/pb\/wp-json\/wp\/v2\/users\/1"}],"replies":[{"embeddable":true,"href":"https:\/\/www.nascimentolegal.com\/pb\/wp-json\/wp\/v2\/comments?post=177"}],"version-history":[{"count":26,"href":"https:\/\/www.nascimentolegal.com\/pb\/wp-json\/wp\/v2\/pages\/177\/revisions"}],"predecessor-version":[{"id":431,"href":"https:\/\/www.nascimentolegal.com\/pb\/wp-json\/wp\/v2\/pages\/177\/revisions\/431"}],"wp:attachment":[{"href":"https:\/\/www.nascimentolegal.com\/pb\/wp-json\/wp\/v2\/media?parent=177"}],"curies":[{"name":"wp","href":"https:\/\/api.w.org\/{rel}","templated":true}]}}