{"id":433,"date":"2021-01-08T12:54:10","date_gmt":"2021-01-08T14:54:10","guid":{"rendered":"https:\/\/www.nascimentolegal.com\/?page_id=433"},"modified":"2026-03-03T14:30:01","modified_gmt":"2026-03-03T17:30:01","slug":"book-consultation","status":"publish","type":"page","link":"https:\/\/www.nascimentolegal.com\/es\/book-consultation\/","title":{"rendered":"Consulta"},"content":{"rendered":"<p>[vc_row][vc_column][vc_column_text]<\/p>\n<h2 style=\"text-align: center;\">Termos e Condi\u00e7\u00f5es da Consulta<\/h2>\n<p>[\/vc_column_text][vc_empty_space height=\u00bb25px\u00bb][\/vc_column][\/vc_row][vc_row][vc_column][vc_column_text]<strong>ENTRE<\/strong><\/p>\n<p>&nbsp;<\/p>\n<p><strong><u>Un seguir designado \u201cCliente\u201d<\/u><\/strong><\/p>\n<p>E Haydee Nascimento P.C. e o principal local de neg\u00f3cios<\/p>\n<p>en 601 S Federal Hwy, Ste 202, Boca Raton, FL 33432<\/p>\n<p>&nbsp;<\/p>\n<p><strong><u>Un seguir designado \u201cConsultor\u201d<\/u><\/strong><\/p>\n<p>Sou obrigado a pagar uma taxa de US $ 250 por uma consulta inicial. Ser\u00e1 cobrada uma taxa para cada opci\u00f3n, com base nos fatos apresentados, durante 45 minutos da reuni\u00e3o de consulta.<\/p>\n<p>&nbsp;<\/p>\n<p><strong><u>Para agendar pelo telefone<\/u><\/strong><\/p>\n<p>O consultor geralmente fatura com base em uma taxa fixa, embora alguns casos sejam cobrados a uma taxa hor\u00e1ria. As taxas em cada caso refletem os fatos individuais apresentados, a urg\u00eancia da situa\u00e7\u00e3o e o tempo e a habilidade previstos necess\u00e1rios. As condi\u00e7\u00f5es de pagamento ser\u00e3o discutidas durante una consulta.<\/p>\n<p>As informa\u00e7\u00f5es fornecidas ao consultor no Formul\u00e1rio de Consulta Inicial e durante a consulta t\u00eam o objetivo de obter uma consulta e n\u00e3o se destinam ao objetivo de estabelecer um relacionamento com o cliente, at\u00e9 que um indiv\u00edduo que esteja procurando representa\u00e7\u00e3o tenha ejecutado um contrato de servi\u00e7os jur\u00eddicos por escrito contratando o consultor.<\/p>\n<p>Como consultas iniciais, agendadas pela equipe ou advogados, s\u00e3o fornecidas por telefone, Skype, e-mail ou pessoalmente.<\/p>\n<p>O objetivo da consulta \u00e9 fornecer ao consultor informa\u00e7\u00f5es suficientes para permitir uma an\u00e1lise completa e aconselhamento abrangente sobre como op\u00e7\u00f5es de imigra\u00e7\u00e3o, incluindo prazos estimados, honor\u00e1rios y custos legados.<\/p>\n<p>&nbsp;<\/p>\n<p><strong>Estes termos e condi\u00e7\u00f5es ser\u00e3o regidos pelas leis em vigor no state da Fl\u00f3rida.<\/strong><\/p>\n<p>Esteja ciente de que o consultor \u00e9 um membro de boa reputa\u00e7\u00e3o da Ordem dos Advogados do Estado de Illinois, permitindo-lhe praticar a imigra\u00e7\u00e3o em todos os estados dos EUA e, como tal, est\u00e1 vinculado por seus estatutos, c\u00f3digo de \u00e9tica profissional e regulamentos asociados.<\/p>\n<p>&nbsp;<\/p>\n<p>Si necesita reprogramar su consulta, debe hacerlo al menos 24 horas antes de las fechas de su consulta; de lo contrario, tendr\u00e1 que reprogramarla ya que los fondos no son reembolsables.<\/p>\n<p>&nbsp;<\/p>\n<p>Ao clicar abaixo, voc\u00ea reconhece que leu os termos e condi\u00e7\u00f5es acima e que concorda em ficar vinculado a todos os termos e condi\u00e7\u00f5es deste contrato.[\/vc_column_text][vc_empty_space height=\u00bb25px\u00bb][\/vc_column][\/vc_row][vc_row css=\u00bb.vc_custom_1612563371251{margin-bottom: 60px !important;}\u00bb][vc_column][vc_raw_html]JTNDZGl2JTIwaWQlM0QlMjJib29raW5nLXBhZ2UlMjIlM0UlMEElMjAlMjAlM0MlMjEtLSUyMHRoaXMlMjBpcyUyMHdoZXJlJTIwd2UlMjB3aWxsJTIwaW5qZWN0JTIwdGhlJTIwaW50ZXJmYWNlJTIwLS0lM0UlMEElM0MlMkZkaXYlM0UlMEElMEElM0NzY3JpcHQlM0V3aW5kb3cuU2F2dnlDYWwlM0R3aW5kb3cuU2F2dnlDYWwlN0MlN0NmdW5jdGlvbiUyOCUyOSU3QiUyOFNhdnZ5Q2FsLnElM0RTYXZ2eUNhbC5xJTdDJTdDJTVCJTVEJTI5LnB1c2glMjhhcmd1bWVudHMlMjklN0QlM0IlM0MlMkZzY3JpcHQlM0UlMEElM0NzY3JpcHQlMjBhc3luYyUyMHNyYyUzRCUyMmh0dHBzJTNBJTJGJTJGZW1iZWQuc2F2dnljYWwuY29tJTJGdjElMkZlbWJlZC5qcyUyMiUzRSUzQyUyRnNjcmlwdCUzRSUwQSUzQ3NjcmlwdCUzRSUwQSUyMCUyMFNhdnZ5Q2FsJTI4JTI3aW5pdCUyNyUyOSUzQiUwQSUyMCUyMFNhdnZ5Q2FsJTI4JTI3aW5saW5lJTI3JTJDJTIwJTdCJTIwbGluayUzQSUyMCUyN25hc2NpbWVudG9sZWdhbCUyRjk2M2RlOWEyJTI3JTJDJTIwc2VsZWN0b3IlM0ElMjAlMjclMjNib29raW5nLXBhZ2UlMjclMjAlN0QlMjklM0IlMEElM0MlMkZzY3JpcHQlM0U=[\/vc_raw_html][\/vc_column][\/vc_row][vc_row][vc_column][vc_empty_space height=\u00bb25px\u00bb][\/vc_column][\/vc_row]<\/p>","protected":false},"excerpt":{"rendered":"<p>[vc_row][vc_column][vc_column_text] Termos e Condi\u00e7\u00f5es da Consulta [\/vc_column_text][vc_empty_space height=\u00bb25px\u00bb][\/vc_column][\/vc_row][vc_row][vc_column][vc_column_text]ENTRE &nbsp; Un seguir designado \u201cCliente\u201d E Haydee Nascimento P.C. e o principal local de neg\u00f3cios en 601 [&hellip;]<\/p>\n","protected":false},"author":1,"featured_media":0,"parent":0,"menu_order":0,"comment_status":"closed","ping_status":"closed","template":"page-templates\/sem-titulo_sem-sidebar.php","meta":{"footnotes":""},"_links":{"self":[{"href":"https:\/\/www.nascimentolegal.com\/es\/wp-json\/wp\/v2\/pages\/433"}],"collection":[{"href":"https:\/\/www.nascimentolegal.com\/es\/wp-json\/wp\/v2\/pages"}],"about":[{"href":"https:\/\/www.nascimentolegal.com\/es\/wp-json\/wp\/v2\/types\/page"}],"author":[{"embeddable":true,"href":"https:\/\/www.nascimentolegal.com\/es\/wp-json\/wp\/v2\/users\/1"}],"replies":[{"embeddable":true,"href":"https:\/\/www.nascimentolegal.com\/es\/wp-json\/wp\/v2\/comments?post=433"}],"version-history":[{"count":47,"href":"https:\/\/www.nascimentolegal.com\/es\/wp-json\/wp\/v2\/pages\/433\/revisions"}],"predecessor-version":[{"id":4970,"href":"https:\/\/www.nascimentolegal.com\/es\/wp-json\/wp\/v2\/pages\/433\/revisions\/4970"}],"wp:attachment":[{"href":"https:\/\/www.nascimentolegal.com\/es\/wp-json\/wp\/v2\/media?parent=433"}],"curies":[{"name":"wp","href":"https:\/\/api.w.org\/{rel}","templated":true}]}}