{"id":177,"date":"2020-02-29T23:56:54","date_gmt":"2020-03-01T02:56:54","guid":{"rendered":"https:\/\/www.nascimentolegal.com\/?page_id=177"},"modified":"2021-01-05T22:02:00","modified_gmt":"2021-01-06T00:02:00","slug":"about","status":"publish","type":"page","link":"https:\/\/www.nascimentolegal.com\/es\/about\/","title":{"rendered":"Acerca de nosotros"},"content":{"rendered":"<p>[vc_row el_class=\u00bbsection titles\u00bb][vc_column][vc_custom_heading text=\u00bbacerca de nosotros\u00bb font_container=\u00bbtag:h1|font_size:16px|text_align:center|line_height:16px\u00bb use_theme_fonts=\u00bbyes\u00bb el_class=\u00bbtitle-primary line red\u00bb][vc_custom_heading text=\u00bbHaydee Nascimento es una abogada de inmigraci\u00f3n dedicada a garantizar justicia para las comunidades inmigrantes.\u00bb font_container=\u00bbtag:h2|font_size:32px|text_align:center|color:%23808080|line_height:45px\u00bb use_theme_fonts=\u00bbyes\u00bb el_class=\u00bbtitle-palatino\u00bb][\/vc_column][\/vc_row][vc_row equal_height=\u00bbyes\u00bb content_placement=\u00bbmiddle\u00bb el_class=\u00bbsection\u00bb][vc_column width=\u00bb1\/2&#8243;][vc_single_image image=\u00bb185&#8243; img_size=\u00bbfull\u00bb alignment=\u00bbcenter\u00bb][\/vc_column][vc_column width=\u00bb1\/2&#8243; el_class=\u00bbbox-text\u00bb][vc_column_text]<span style=\"font-weight: 400;\">El Despacho de Abogados de Haydee Nascimento fue fundado con el compromiso de servir a un n\u00famero creciente de personas en busca de un servicio profesional de calidad en el area de Inmigraci\u00f3n.<\/span><\/p>\n<p><span style=\"font-weight: 400;\">Nuestro equipo se dedica no solo a la representation de manera efectiva y agresiva de individuos, familias, y empresas,\u00a0 sino tambi\u00e9n a la protecci\u00f3n de sus derechos previstos por la ley. Nos enorgullese mantenernos al dia con las pol\u00edticas de inmigraci\u00f3n que cambian constantemente, y tambien el hecho que podemos adaptar nuestra estrategia a cada situaci\u00f3n individual con el fin de lograr los objetivos finales y los mejores resultados en cada caso.<\/span><\/p>\n<p><span style=\"font-weight: 400;\">Nuestra misi\u00f3n es apoyar y empoderar a las personas, empresas y sue\u00f1os proporcionando un servicio profesional, individual y personalizado para aquellos que necesitan asesoramiento de inmigraci\u00f3n.<\/span><\/p>\n<p><span style=\"font-weight: 400;\">Nuestro objetivo es aportar excelencia &#8211; a trav\u00e9s del trabajo en equipo y la atenci\u00f3n individual a los detalles &#8211; cambiando as\u00ed la forma en que se practica la ley de inmigraci\u00f3n; integridad, compromiso y afecto.<\/span>[\/vc_column_text][\/vc_column][\/vc_row][vc_row el_class=\u00bbsection gallery\u00bb][vc_column][vc_custom_heading text=\u00bbGaler\u00eda\u00bb font_container=\u00bbtag:h4|font_size:26px|text_align:center|color:%23808080|line_height:32px\u00bb use_theme_fonts=\u00bbyes\u00bb el_class=\u00bbtitle\u00bb css=\u00bb.vc_custom_1609891291890{margin-bottom: 30px !important;}\u00bb][vc_column_text]\n\n<div class=\"the-slide\">\n\n\t\t<div class=\"imagem\">\n\t\t<div class=\"content\">\n\t\t\t<a href=\"https:\/\/www.nascimentolegal.com\/wp-content\/uploads\/2020\/02\/www.nascimentolegal.com-home-slider-02.jpg\" class=\"venobox\" data-gall=\"galeria-home\">\n\t\t\t\t<img decoding=\"async\" src=\"https:\/\/www.nascimentolegal.com\/wp-content\/uploads\/2020\/02\/www.nascimentolegal.com-home-slider-02-300x300.jpg\">\n\t\t\t<\/a>\n\t\t<\/div>\n\t<\/div>\n\t\t<div class=\"imagem\">\n\t\t<div class=\"content\">\n\t\t\t<a href=\"https:\/\/www.nascimentolegal.com\/wp-content\/uploads\/2020\/03\/www.nascimentolegal.com-about-01.jpg\" class=\"venobox\" data-gall=\"galeria-home\">\n\t\t\t\t<img decoding=\"async\" src=\"https:\/\/www.nascimentolegal.com\/wp-content\/uploads\/2020\/03\/www.nascimentolegal.com-about-01-300x300.jpg\">\n\t\t\t<\/a>\n\t\t<\/div>\n\t<\/div>\n\t\t<div class=\"imagem\">\n\t\t<div class=\"content\">\n\t\t\t<a href=\"https:\/\/www.nascimentolegal.com\/wp-content\/uploads\/2020\/03\/www.nascimentolegal.com-about-04.jpg\" class=\"venobox\" data-gall=\"galeria-home\">\n\t\t\t\t<img decoding=\"async\" src=\"https:\/\/www.nascimentolegal.com\/wp-content\/uploads\/2020\/03\/www.nascimentolegal.com-about-04-300x300.jpg\">\n\t\t\t<\/a>\n\t\t<\/div>\n\t<\/div>\n\t\t<div class=\"imagem\">\n\t\t<div class=\"content\">\n\t\t\t<a href=\"https:\/\/www.nascimentolegal.com\/wp-content\/uploads\/2020\/03\/www.nascimentolegal.com-about-05.jpg\" class=\"venobox\" data-gall=\"galeria-home\">\n\t\t\t\t<img decoding=\"async\" src=\"https:\/\/www.nascimentolegal.com\/wp-content\/uploads\/2020\/03\/www.nascimentolegal.com-about-05-300x300.jpg\">\n\t\t\t<\/a>\n\t\t<\/div>\n\t<\/div>\n\t\t<div class=\"imagem\">\n\t\t<div class=\"content\">\n\t\t\t<a href=\"https:\/\/www.nascimentolegal.com\/wp-content\/uploads\/2020\/03\/www.nascimentolegal.com-about-06.jpg\" class=\"venobox\" data-gall=\"galeria-home\">\n\t\t\t\t<img decoding=\"async\" src=\"https:\/\/www.nascimentolegal.com\/wp-content\/uploads\/2020\/03\/www.nascimentolegal.com-about-06-300x300.jpg\">\n\t\t\t<\/a>\n\t\t<\/div>\n\t<\/div>\n\t\t<div class=\"imagem\">\n\t\t<div class=\"content\">\n\t\t\t<a href=\"https:\/\/www.nascimentolegal.com\/wp-content\/uploads\/2020\/03\/www.nascimentolegal.com-about-08.jpg\" class=\"venobox\" data-gall=\"galeria-home\">\n\t\t\t\t<img decoding=\"async\" src=\"https:\/\/www.nascimentolegal.com\/wp-content\/uploads\/2020\/03\/www.nascimentolegal.com-about-08-300x300.jpg\">\n\t\t\t<\/a>\n\t\t<\/div>\n\t<\/div>\n\t\t<div class=\"imagem\">\n\t\t<div class=\"content\">\n\t\t\t<a href=\"https:\/\/www.nascimentolegal.com\/wp-content\/uploads\/2020\/03\/www.nascimentolegal.com-about-09.jpg\" class=\"venobox\" data-gall=\"galeria-home\">\n\t\t\t\t<img decoding=\"async\" src=\"https:\/\/www.nascimentolegal.com\/wp-content\/uploads\/2020\/03\/www.nascimentolegal.com-about-09-300x300.jpg\">\n\t\t\t<\/a>\n\t\t<\/div>\n\t<\/div>\n\t\t<div class=\"imagem\">\n\t\t<div class=\"content\">\n\t\t\t<a href=\"https:\/\/www.nascimentolegal.com\/wp-content\/uploads\/2020\/03\/www.nascimentolegal.com-about-03.jpg\" class=\"venobox\" data-gall=\"galeria-home\">\n\t\t\t\t<img decoding=\"async\" src=\"https:\/\/www.nascimentolegal.com\/wp-content\/uploads\/2020\/03\/www.nascimentolegal.com-about-03-300x300.jpg\">\n\t\t\t<\/a>\n\t\t<\/div>\n\t<\/div>\n\t\n<\/div>\n\n[\/vc_column_text][\/vc_column][\/vc_row]<\/p>","protected":false},"excerpt":{"rendered":"<p>[vc_row el_class=\u00bbsection titles\u00bb][vc_column][vc_custom_heading text=\u00bbacerca de nosotros\u00bb font_container=\u00bbtag:h1|font_size:16px|text_align:center|line_height:16px\u00bb use_theme_fonts=\u00bbyes\u00bb el_class=\u00bbtitle-primary line red\u00bb][vc_custom_heading text=\u00bbHaydee Nascimento es una abogada de inmigraci\u00f3n dedicada a garantizar justicia para las comunidades [&hellip;]<\/p>\n","protected":false},"author":1,"featured_media":0,"parent":0,"menu_order":0,"comment_status":"closed","ping_status":"closed","template":"page-templates\/sem-titulo_sem-sidebar.php","meta":{"footnotes":""},"_links":{"self":[{"href":"https:\/\/www.nascimentolegal.com\/es\/wp-json\/wp\/v2\/pages\/177"}],"collection":[{"href":"https:\/\/www.nascimentolegal.com\/es\/wp-json\/wp\/v2\/pages"}],"about":[{"href":"https:\/\/www.nascimentolegal.com\/es\/wp-json\/wp\/v2\/types\/page"}],"author":[{"embeddable":true,"href":"https:\/\/www.nascimentolegal.com\/es\/wp-json\/wp\/v2\/users\/1"}],"replies":[{"embeddable":true,"href":"https:\/\/www.nascimentolegal.com\/es\/wp-json\/wp\/v2\/comments?post=177"}],"version-history":[{"count":26,"href":"https:\/\/www.nascimentolegal.com\/es\/wp-json\/wp\/v2\/pages\/177\/revisions"}],"predecessor-version":[{"id":431,"href":"https:\/\/www.nascimentolegal.com\/es\/wp-json\/wp\/v2\/pages\/177\/revisions\/431"}],"wp:attachment":[{"href":"https:\/\/www.nascimentolegal.com\/es\/wp-json\/wp\/v2\/media?parent=177"}],"curies":[{"name":"wp","href":"https:\/\/api.w.org\/{rel}","templated":true}]}}